{"id":519,"date":"2023-01-30T11:11:35","date_gmt":"2023-01-30T10:11:35","guid":{"rendered":"http:\/\/lavolierecirque.com\/?page_id=519"},"modified":"2025-05-12T15:40:55","modified_gmt":"2025-05-12T13:40:55","slug":"projets-transverse-aux","status":"publish","type":"page","link":"https:\/\/lavolierecirque.com\/index.php\/projets-transverse-aux\/","title":{"rendered":"Fili\u00e8re &#038; R\u00e9seaux"},"content":{"rendered":"\t\t<div data-elementor-type=\"wp-page\" data-elementor-id=\"519\" class=\"elementor elementor-519\">\n\t\t\t\t\t\t<section class=\"elementor-section elementor-top-section elementor-element elementor-element-d884c33 elementor-section-boxed elementor-section-height-default elementor-section-height-default wpr-particle-no wpr-jarallax-no wpr-parallax-no wpr-sticky-section-no wpr-equal-height-no\" data-id=\"d884c33\" data-element_type=\"section\" data-e-type=\"section\">\n\t\t\t\t\t\t<div class=\"elementor-container elementor-column-gap-default\">\n\t\t\t\t\t<div class=\"elementor-column elementor-col-100 elementor-top-column elementor-element elementor-element-060f879\" data-id=\"060f879\" data-element_type=\"column\" data-e-type=\"column\">\n\t\t\t<div class=\"elementor-widget-wrap elementor-element-populated\">\n\t\t\t\t\t\t<div class=\"elementor-element elementor-element-7733744 elementor-widget elementor-widget-spacer\" data-id=\"7733744\" data-element_type=\"widget\" data-e-type=\"widget\" data-widget_type=\"spacer.default\">\n\t\t\t\t<div class=\"elementor-widget-container\">\n\t\t\t\t\t\t\t<div class=\"elementor-spacer\">\n\t\t\t<div class=\"elementor-spacer-inner\"><\/div>\n\t\t<\/div>\n\t\t\t\t\t\t<\/div>\n\t\t\t\t<\/div>\n\t\t\t\t\t<\/div>\n\t\t<\/div>\n\t\t\t\t\t<\/div>\n\t\t<\/section>\n\t\t\t\t<section class=\"elementor-section elementor-top-section elementor-element elementor-element-43f7727e elementor-hidden-tablet elementor-hidden-mobile elementor-section-boxed elementor-section-height-default elementor-section-height-default wpr-particle-no wpr-jarallax-no wpr-parallax-no wpr-sticky-section-no wpr-equal-height-no\" data-id=\"43f7727e\" data-element_type=\"section\" data-e-type=\"section\">\n\t\t\t\t\t\t<div class=\"elementor-container elementor-column-gap-default\">\n\t\t\t\t\t<div class=\"elementor-column elementor-col-25 elementor-top-column elementor-element elementor-element-7ab04e3f\" data-id=\"7ab04e3f\" data-element_type=\"column\" data-e-type=\"column\">\n\t\t\t<div class=\"elementor-widget-wrap elementor-element-populated\">\n\t\t\t\t\t\t<div class=\"elementor-element elementor-element-63af6301 elementor-widget elementor-widget-heading\" data-id=\"63af6301\" data-element_type=\"widget\" data-e-type=\"widget\" data-widget_type=\"heading.default\">\n\t\t\t\t<div class=\"elementor-widget-container\">\n\t\t\t\t\t<h2 class=\"elementor-heading-title elementor-size-default\"><a href=\"https:\/\/lavolierecirque.com\/index.php\/cooperation-internationale\/\">Coope\u0301ration <br>internationale<\/a><\/h2>\t\t\t\t<\/div>\n\t\t\t\t<\/div>\n\t\t\t\t<div class=\"elementor-element elementor-element-35f81874 elementor-widget elementor-widget-image\" data-id=\"35f81874\" data-element_type=\"widget\" data-e-type=\"widget\" data-widget_type=\"image.default\">\n\t\t\t\t<div class=\"elementor-widget-container\">\n\t\t\t\t\t\t\t\t\t\t\t\t\t\t\t\t<a href=\"https:\/\/lavolierecirque.com\/index.php\/cooperation-internationale\/\">\n\t\t\t\t\t\t\t<img fetchpriority=\"high\" decoding=\"async\" width=\"549\" height=\"1200\" src=\"https:\/\/lavolierecirque.com\/wp-content\/uploads\/2023\/02\/fenetre_Cooperation.jpg\" class=\"attachment-large size-large wp-image-1180\" alt=\"\" srcset=\"https:\/\/lavolierecirque.com\/wp-content\/uploads\/2023\/02\/fenetre_Cooperation.jpg 549w, https:\/\/lavolierecirque.com\/wp-content\/uploads\/2023\/02\/fenetre_Cooperation-137x300.jpg 137w\" sizes=\"(max-width: 549px) 100vw, 549px\" \/>\t\t\t\t\t\t\t\t<\/a>\n\t\t\t\t\t\t\t\t\t\t\t\t\t\t\t<\/div>\n\t\t\t\t<\/div>\n\t\t\t\t\t<\/div>\n\t\t<\/div>\n\t\t\t\t<div class=\"elementor-column elementor-col-25 elementor-top-column elementor-element elementor-element-13eec80f\" data-id=\"13eec80f\" data-element_type=\"column\" data-e-type=\"column\">\n\t\t\t<div class=\"elementor-widget-wrap elementor-element-populated\">\n\t\t\t\t\t\t<div class=\"elementor-element elementor-element-1520e07c elementor-widget elementor-widget-heading\" data-id=\"1520e07c\" data-element_type=\"widget\" data-e-type=\"widget\" data-widget_type=\"heading.default\">\n\t\t\t\t<div class=\"elementor-widget-container\">\n\t\t\t\t\t<h2 class=\"elementor-heading-title elementor-size-default\"><a href=\"https:\/\/lavolierecirque.com\/index.php\/recherche-et-innovation\/\">Recherche <br>et innovation<\/a><\/h2>\t\t\t\t<\/div>\n\t\t\t\t<\/div>\n\t\t\t\t<div class=\"elementor-element elementor-element-561648b7 elementor-widget elementor-widget-image\" data-id=\"561648b7\" data-element_type=\"widget\" data-e-type=\"widget\" data-widget_type=\"image.default\">\n\t\t\t\t<div class=\"elementor-widget-container\">\n\t\t\t\t\t\t\t\t\t\t\t\t\t\t\t\t<a href=\"https:\/\/lavolierecirque.com\/index.php\/recherche-et-innovation\/\">\n\t\t\t\t\t\t\t<img decoding=\"async\" width=\"550\" height=\"1200\" src=\"https:\/\/lavolierecirque.com\/wp-content\/uploads\/2023\/02\/fenetre_Recherche.jpg\" class=\"attachment-large size-large wp-image-1181\" alt=\"\" srcset=\"https:\/\/lavolierecirque.com\/wp-content\/uploads\/2023\/02\/fenetre_Recherche.jpg 550w, https:\/\/lavolierecirque.com\/wp-content\/uploads\/2023\/02\/fenetre_Recherche-137x300.jpg 137w\" sizes=\"(max-width: 550px) 100vw, 550px\" \/>\t\t\t\t\t\t\t\t<\/a>\n\t\t\t\t\t\t\t\t\t\t\t\t\t\t\t<\/div>\n\t\t\t\t<\/div>\n\t\t\t\t\t<\/div>\n\t\t<\/div>\n\t\t\t\t<div class=\"elementor-column elementor-col-25 elementor-top-column elementor-element elementor-element-1a34ae46\" data-id=\"1a34ae46\" data-element_type=\"column\" data-e-type=\"column\">\n\t\t\t<div class=\"elementor-widget-wrap elementor-element-populated\">\n\t\t\t\t\t\t<div class=\"elementor-element elementor-element-6a39424 elementor-widget elementor-widget-heading\" data-id=\"6a39424\" data-element_type=\"widget\" data-e-type=\"widget\" data-widget_type=\"heading.default\">\n\t\t\t\t<div class=\"elementor-widget-container\">\n\t\t\t\t\t<h2 class=\"elementor-heading-title elementor-size-default\"><a href=\"https:\/\/lavolierecirque.com\/index.php\/reseau-culturel\/\">R\u00e9seau Nord-Loire<\/a><\/h2>\t\t\t\t<\/div>\n\t\t\t\t<\/div>\n\t\t\t\t<div class=\"elementor-element elementor-element-727bbfec elementor-widget elementor-widget-image\" data-id=\"727bbfec\" data-element_type=\"widget\" data-e-type=\"widget\" data-widget_type=\"image.default\">\n\t\t\t\t<div class=\"elementor-widget-container\">\n\t\t\t\t\t\t\t\t\t\t\t\t\t\t\t\t<a href=\"https:\/\/lavolierecirque.com\/index.php\/reseau-culturel\/\">\n\t\t\t\t\t\t\t<img decoding=\"async\" width=\"400\" height=\"1200\" src=\"https:\/\/lavolierecirque.com\/wp-content\/uploads\/2023\/02\/fenetre_Production.jpg\" class=\"attachment-large size-large wp-image-1088\" alt=\"\" srcset=\"https:\/\/lavolierecirque.com\/wp-content\/uploads\/2023\/02\/fenetre_Production.jpg 400w, https:\/\/lavolierecirque.com\/wp-content\/uploads\/2023\/02\/fenetre_Production-100x300.jpg 100w\" sizes=\"(max-width: 400px) 100vw, 400px\" \/>\t\t\t\t\t\t\t\t<\/a>\n\t\t\t\t\t\t\t\t\t\t\t\t\t\t\t<\/div>\n\t\t\t\t<\/div>\n\t\t\t\t\t<\/div>\n\t\t<\/div>\n\t\t\t\t<div class=\"elementor-column elementor-col-25 elementor-top-column elementor-element elementor-element-10942747\" data-id=\"10942747\" data-element_type=\"column\" data-e-type=\"column\">\n\t\t\t<div class=\"elementor-widget-wrap elementor-element-populated\">\n\t\t\t\t\t\t<div class=\"elementor-element elementor-element-352e1036 elementor-widget elementor-widget-heading\" data-id=\"352e1036\" data-element_type=\"widget\" data-e-type=\"widget\" data-widget_type=\"heading.default\">\n\t\t\t\t<div class=\"elementor-widget-container\">\n\t\t\t\t\t<h2 class=\"elementor-heading-title elementor-size-default\"><a href=\"https:\/\/lavolierecirque.com\/index.php\/la-ffec\/\">Adh\u00e9sions r\u00e9seaux pros<\/a><\/h2>\t\t\t\t<\/div>\n\t\t\t\t<\/div>\n\t\t\t\t<div class=\"elementor-element elementor-element-78c8eca6 elementor-widget elementor-widget-image\" data-id=\"78c8eca6\" data-element_type=\"widget\" data-e-type=\"widget\" data-widget_type=\"image.default\">\n\t\t\t\t<div class=\"elementor-widget-container\">\n\t\t\t\t\t\t\t\t\t\t\t\t\t\t\t\t<a href=\"https:\/\/lavolierecirque.com\/index.php\/la-ffec\/\">\n\t\t\t\t\t\t\t<img loading=\"lazy\" decoding=\"async\" width=\"400\" height=\"1200\" src=\"https:\/\/lavolierecirque.com\/wp-content\/uploads\/2025\/03\/FFEC-FRECA-1.jpg\" class=\"attachment-large size-large wp-image-4784\" alt=\"\" srcset=\"https:\/\/lavolierecirque.com\/wp-content\/uploads\/2025\/03\/FFEC-FRECA-1.jpg 400w, https:\/\/lavolierecirque.com\/wp-content\/uploads\/2025\/03\/FFEC-FRECA-1-100x300.jpg 100w\" sizes=\"(max-width: 400px) 100vw, 400px\" \/>\t\t\t\t\t\t\t\t<\/a>\n\t\t\t\t\t\t\t\t\t\t\t\t\t\t\t<\/div>\n\t\t\t\t<\/div>\n\t\t\t\t\t<\/div>\n\t\t<\/div>\n\t\t\t\t\t<\/div>\n\t\t<\/section>\n\t\t\t\t<section class=\"elementor-section elementor-top-section elementor-element elementor-element-cbe1e25 elementor-hidden-desktop elementor-section-boxed elementor-section-height-default elementor-section-height-default wpr-particle-no wpr-jarallax-no wpr-parallax-no wpr-sticky-section-no wpr-equal-height-no\" data-id=\"cbe1e25\" data-element_type=\"section\" data-e-type=\"section\">\n\t\t\t\t\t\t<div class=\"elementor-container elementor-column-gap-default\">\n\t\t\t\t\t<div class=\"elementor-column elementor-col-100 elementor-top-column elementor-element elementor-element-ecf3629\" data-id=\"ecf3629\" data-element_type=\"column\" data-e-type=\"column\">\n\t\t\t<div class=\"elementor-widget-wrap elementor-element-populated\">\n\t\t\t\t\t\t<div class=\"elementor-element elementor-element-0fb6b07 elementor-widget elementor-widget-heading\" data-id=\"0fb6b07\" data-element_type=\"widget\" data-e-type=\"widget\" data-widget_type=\"heading.default\">\n\t\t\t\t<div class=\"elementor-widget-container\">\n\t\t\t\t\t<h2 class=\"elementor-heading-title elementor-size-default\"><a href=\"https:\/\/lavolierecirque.com\/index.php\/cooperation-internationale\/\">Coope\u0301ration internationale<\/a><\/h2>\t\t\t\t<\/div>\n\t\t\t\t<\/div>\n\t\t\t\t<div class=\"elementor-element elementor-element-3eb41ed elementor-widget elementor-widget-image\" data-id=\"3eb41ed\" data-element_type=\"widget\" data-e-type=\"widget\" data-widget_type=\"image.default\">\n\t\t\t\t<div class=\"elementor-widget-container\">\n\t\t\t\t\t\t\t\t\t\t\t\t\t\t\t\t<a href=\"https:\/\/lavolierecirque.com\/index.php\/cooperation-internationale\/\">\n\t\t\t\t\t\t\t<img loading=\"lazy\" decoding=\"async\" width=\"1200\" height=\"399\" src=\"https:\/\/lavolierecirque.com\/wp-content\/uploads\/2023\/02\/IMG_5257-8-1200x399.jpg\" class=\"attachment-large size-large wp-image-1317\" alt=\"\" srcset=\"https:\/\/lavolierecirque.com\/wp-content\/uploads\/2023\/02\/IMG_5257-8-1200x399.jpg 1200w, https:\/\/lavolierecirque.com\/wp-content\/uploads\/2023\/02\/IMG_5257-8-300x100.jpg 300w, https:\/\/lavolierecirque.com\/wp-content\/uploads\/2023\/02\/IMG_5257-8-768x256.jpg 768w, https:\/\/lavolierecirque.com\/wp-content\/uploads\/2023\/02\/IMG_5257-8.jpg 1208w\" sizes=\"(max-width: 1200px) 100vw, 1200px\" \/>\t\t\t\t\t\t\t\t<\/a>\n\t\t\t\t\t\t\t\t\t\t\t\t\t\t\t<\/div>\n\t\t\t\t<\/div>\n\t\t\t\t<div class=\"elementor-element elementor-element-babe159 elementor-widget elementor-widget-heading\" data-id=\"babe159\" data-element_type=\"widget\" data-e-type=\"widget\" data-widget_type=\"heading.default\">\n\t\t\t\t<div class=\"elementor-widget-container\">\n\t\t\t\t\t<h2 class=\"elementor-heading-title elementor-size-default\"><a href=\"https:\/\/lavolierecirque.com\/index.php\/recherche-et-innovation\/\">Recherche et innovation<\/a><\/h2>\t\t\t\t<\/div>\n\t\t\t\t<\/div>\n\t\t\t\t<div class=\"elementor-element elementor-element-b5ce888 elementor-widget elementor-widget-image\" data-id=\"b5ce888\" data-element_type=\"widget\" data-e-type=\"widget\" data-widget_type=\"image.default\">\n\t\t\t\t<div class=\"elementor-widget-container\">\n\t\t\t\t\t\t\t\t\t\t\t\t\t\t\t\t<a href=\"https:\/\/lavolierecirque.com\/index.php\/recherche-et-innovation\/\">\n\t\t\t\t\t\t\t<img loading=\"lazy\" decoding=\"async\" width=\"1200\" height=\"399\" src=\"https:\/\/lavolierecirque.com\/wp-content\/uploads\/2023\/02\/IMG_4934-5-1200x399.jpg\" class=\"attachment-large size-large wp-image-1315\" alt=\"\" srcset=\"https:\/\/lavolierecirque.com\/wp-content\/uploads\/2023\/02\/IMG_4934-5-1200x399.jpg 1200w, https:\/\/lavolierecirque.com\/wp-content\/uploads\/2023\/02\/IMG_4934-5-300x100.jpg 300w, https:\/\/lavolierecirque.com\/wp-content\/uploads\/2023\/02\/IMG_4934-5-768x256.jpg 768w, https:\/\/lavolierecirque.com\/wp-content\/uploads\/2023\/02\/IMG_4934-5.jpg 1208w\" sizes=\"(max-width: 1200px) 100vw, 1200px\" \/>\t\t\t\t\t\t\t\t<\/a>\n\t\t\t\t\t\t\t\t\t\t\t\t\t\t\t<\/div>\n\t\t\t\t<\/div>\n\t\t\t\t<div class=\"elementor-element elementor-element-feb281b elementor-widget elementor-widget-heading\" data-id=\"feb281b\" data-element_type=\"widget\" data-e-type=\"widget\" data-widget_type=\"heading.default\">\n\t\t\t\t<div class=\"elementor-widget-container\">\n\t\t\t\t\t<h2 class=\"elementor-heading-title elementor-size-default\"><a href=\"https:\/\/lavolierecirque.com\/index.php\/reseau-culturel\/\">R\u00e9seau culturel<\/a><\/h2>\t\t\t\t<\/div>\n\t\t\t\t<\/div>\n\t\t\t\t<div class=\"elementor-element elementor-element-43667589 elementor-widget elementor-widget-image\" data-id=\"43667589\" data-element_type=\"widget\" data-e-type=\"widget\" data-widget_type=\"image.default\">\n\t\t\t\t<div class=\"elementor-widget-container\">\n\t\t\t\t\t\t\t\t\t\t\t\t\t\t\t\t<a href=\"https:\/\/lavolierecirque.com\/index.php\/reseau-culturel\/\">\n\t\t\t\t\t\t\t<img loading=\"lazy\" decoding=\"async\" width=\"1200\" height=\"399\" src=\"https:\/\/lavolierecirque.com\/wp-content\/uploads\/2023\/02\/1_1-3-1200x399.jpg\" class=\"attachment-large size-large wp-image-1305\" alt=\"\" srcset=\"https:\/\/lavolierecirque.com\/wp-content\/uploads\/2023\/02\/1_1-3-1200x399.jpg 1200w, https:\/\/lavolierecirque.com\/wp-content\/uploads\/2023\/02\/1_1-3-300x100.jpg 300w, https:\/\/lavolierecirque.com\/wp-content\/uploads\/2023\/02\/1_1-3-768x256.jpg 768w, https:\/\/lavolierecirque.com\/wp-content\/uploads\/2023\/02\/1_1-3.jpg 1208w\" sizes=\"(max-width: 1200px) 100vw, 1200px\" \/>\t\t\t\t\t\t\t\t<\/a>\n\t\t\t\t\t\t\t\t\t\t\t\t\t\t\t<\/div>\n\t\t\t\t<\/div>\n\t\t\t\t<div class=\"elementor-element elementor-element-d5deef1 elementor-widget elementor-widget-heading\" data-id=\"d5deef1\" data-element_type=\"widget\" data-e-type=\"widget\" data-widget_type=\"heading.default\">\n\t\t\t\t<div class=\"elementor-widget-container\">\n\t\t\t\t\t<h2 class=\"elementor-heading-title elementor-size-default\"><a href=\"https:\/\/lavolierecirque.com\/index.php\/la-ffec\/\">La FFEC<\/a><\/h2>\t\t\t\t<\/div>\n\t\t\t\t<\/div>\n\t\t\t\t<div class=\"elementor-element elementor-element-2d14c72 elementor-widget elementor-widget-image\" data-id=\"2d14c72\" data-element_type=\"widget\" data-e-type=\"widget\" data-widget_type=\"image.default\">\n\t\t\t\t<div class=\"elementor-widget-container\">\n\t\t\t\t\t\t\t\t\t\t\t\t\t\t\t\t<a href=\"https:\/\/lavolierecirque.com\/index.php\/la-ffec\/\">\n\t\t\t\t\t\t\t<img loading=\"lazy\" decoding=\"async\" width=\"1200\" height=\"399\" src=\"https:\/\/lavolierecirque.com\/wp-content\/uploads\/2023\/02\/IMG_4934-6-1200x399.jpg\" class=\"attachment-large size-large wp-image-1318\" alt=\"\" srcset=\"https:\/\/lavolierecirque.com\/wp-content\/uploads\/2023\/02\/IMG_4934-6-1200x399.jpg 1200w, https:\/\/lavolierecirque.com\/wp-content\/uploads\/2023\/02\/IMG_4934-6-300x100.jpg 300w, https:\/\/lavolierecirque.com\/wp-content\/uploads\/2023\/02\/IMG_4934-6-768x256.jpg 768w, https:\/\/lavolierecirque.com\/wp-content\/uploads\/2023\/02\/IMG_4934-6.jpg 1208w\" sizes=\"(max-width: 1200px) 100vw, 1200px\" \/>\t\t\t\t\t\t\t\t<\/a>\n\t\t\t\t\t\t\t\t\t\t\t\t\t\t\t<\/div>\n\t\t\t\t<\/div>\n\t\t\t\t\t<\/div>\n\t\t<\/div>\n\t\t\t\t\t<\/div>\n\t\t<\/section>\n\t\t\t\t<\/div>\n\t\t","protected":false},"excerpt":{"rendered":"<p>Coope\u0301ration internationale Recherche et innovation R\u00e9seau Nord-Loire Adh\u00e9sions r\u00e9seaux pros Coope\u0301ration internationale Recherche et innovation R\u00e9seau culturel La FFEC<\/p>\n","protected":false},"author":1,"featured_media":0,"parent":0,"menu_order":0,"comment_status":"closed","ping_status":"closed","template":"","meta":{"site-sidebar-layout":"no-sidebar","site-content-layout":"page-builder","ast-global-header-display":"","ast-main-header-display":"","ast-hfb-above-header-display":"","ast-hfb-below-header-display":"","ast-hfb-mobile-header-display":"","site-post-title":"disabled","ast-breadcrumbs-content":"","ast-featured-img":"disabled","footer-sml-layout":"","theme-transparent-header-meta":"","adv-header-id-meta":"","stick-header-meta":"","header-above-stick-meta":"","header-main-stick-meta":"","header-below-stick-meta":"","ngg_post_thumbnail":0,"footnotes":""},"class_list":["post-519","page","type-page","status-publish","hentry"],"yoast_head":"<!-- This site is optimized with the Yoast SEO plugin v26.8 - https:\/\/yoast.com\/product\/yoast-seo-wordpress\/ -->\n<title>Fili\u00e8re &amp; R\u00e9seaux - La Voli\u00e8re<\/title>\n<meta name=\"robots\" content=\"index, follow, max-snippet:-1, max-image-preview:large, max-video-preview:-1\" \/>\n<link rel=\"canonical\" href=\"https:\/\/lavolierecirque.com\/index.php\/projets-transverse-aux\/\" \/>\n<meta property=\"og:locale\" content=\"fr_FR\" \/>\n<meta property=\"og:type\" content=\"article\" \/>\n<meta property=\"og:title\" content=\"Fili\u00e8re &amp; R\u00e9seaux - La Voli\u00e8re\" \/>\n<meta property=\"og:description\" content=\"Coope\u0301ration internationale Recherche et innovation R\u00e9seau Nord-Loire Adh\u00e9sions r\u00e9seaux pros Coope\u0301ration internationale Recherche et innovation R\u00e9seau culturel La FFEC\" \/>\n<meta property=\"og:url\" content=\"https:\/\/lavolierecirque.com\/index.php\/projets-transverse-aux\/\" \/>\n<meta property=\"og:site_name\" content=\"La Voli\u00e8re\" \/>\n<meta property=\"article:modified_time\" content=\"2025-05-12T13:40:55+00:00\" \/>\n<meta property=\"og:image\" content=\"https:\/\/lavolierecirque.com\/wp-content\/uploads\/2023\/02\/fenetre_Cooperation.jpg\" \/>\n\t<meta property=\"og:image:width\" content=\"549\" \/>\n\t<meta property=\"og:image:height\" content=\"1201\" \/>\n\t<meta property=\"og:image:type\" content=\"image\/jpeg\" \/>\n<meta name=\"twitter:card\" content=\"summary_large_image\" \/>\n<meta name=\"twitter:label1\" content=\"Dur\u00e9e de lecture estim\u00e9e\" \/>\n\t<meta name=\"twitter:data1\" content=\"2 minutes\" \/>\n<script type=\"application\/ld+json\" class=\"yoast-schema-graph\">{\"@context\":\"https:\/\/schema.org\",\"@graph\":[{\"@type\":\"WebPage\",\"@id\":\"https:\/\/lavolierecirque.com\/index.php\/projets-transverse-aux\/\",\"url\":\"https:\/\/lavolierecirque.com\/index.php\/projets-transverse-aux\/\",\"name\":\"Fili\u00e8re & R\u00e9seaux - La Voli\u00e8re\",\"isPartOf\":{\"@id\":\"https:\/\/lavolierecirque.com\/#website\"},\"primaryImageOfPage\":{\"@id\":\"https:\/\/lavolierecirque.com\/index.php\/projets-transverse-aux\/#primaryimage\"},\"image\":{\"@id\":\"https:\/\/lavolierecirque.com\/index.php\/projets-transverse-aux\/#primaryimage\"},\"thumbnailUrl\":\"https:\/\/lavolierecirque.com\/wp-content\/uploads\/2023\/02\/fenetre_Cooperation.jpg\",\"datePublished\":\"2023-01-30T10:11:35+00:00\",\"dateModified\":\"2025-05-12T13:40:55+00:00\",\"breadcrumb\":{\"@id\":\"https:\/\/lavolierecirque.com\/index.php\/projets-transverse-aux\/#breadcrumb\"},\"inLanguage\":\"fr-FR\",\"potentialAction\":[{\"@type\":\"ReadAction\",\"target\":[\"https:\/\/lavolierecirque.com\/index.php\/projets-transverse-aux\/\"]}]},{\"@type\":\"ImageObject\",\"inLanguage\":\"fr-FR\",\"@id\":\"https:\/\/lavolierecirque.com\/index.php\/projets-transverse-aux\/#primaryimage\",\"url\":\"https:\/\/lavolierecirque.com\/wp-content\/uploads\/2023\/02\/fenetre_Cooperation.jpg\",\"contentUrl\":\"https:\/\/lavolierecirque.com\/wp-content\/uploads\/2023\/02\/fenetre_Cooperation.jpg\",\"width\":549,\"height\":1201},{\"@type\":\"BreadcrumbList\",\"@id\":\"https:\/\/lavolierecirque.com\/index.php\/projets-transverse-aux\/#breadcrumb\",\"itemListElement\":[{\"@type\":\"ListItem\",\"position\":1,\"name\":\"Accueil\",\"item\":\"https:\/\/lavolierecirque.com\/\"},{\"@type\":\"ListItem\",\"position\":2,\"name\":\"Fili\u00e8re &#038; R\u00e9seaux\"}]},{\"@type\":\"WebSite\",\"@id\":\"https:\/\/lavolierecirque.com\/#website\",\"url\":\"https:\/\/lavolierecirque.com\/\",\"name\":\"La Voli\u00e8re\",\"description\":\"Lieu d\u00e9di\u00e9 au nouveau cirque &amp; \u00e0 la danse a\u00e9rienne\",\"potentialAction\":[{\"@type\":\"SearchAction\",\"target\":{\"@type\":\"EntryPoint\",\"urlTemplate\":\"https:\/\/lavolierecirque.com\/?s={search_term_string}\"},\"query-input\":{\"@type\":\"PropertyValueSpecification\",\"valueRequired\":true,\"valueName\":\"search_term_string\"}}],\"inLanguage\":\"fr-FR\"}]}<\/script>\n<!-- \/ Yoast SEO plugin. -->","yoast_head_json":{"title":"Fili\u00e8re & R\u00e9seaux - La Voli\u00e8re","robots":{"index":"index","follow":"follow","max-snippet":"max-snippet:-1","max-image-preview":"max-image-preview:large","max-video-preview":"max-video-preview:-1"},"canonical":"https:\/\/lavolierecirque.com\/index.php\/projets-transverse-aux\/","og_locale":"fr_FR","og_type":"article","og_title":"Fili\u00e8re & R\u00e9seaux - La Voli\u00e8re","og_description":"Coope\u0301ration internationale Recherche et innovation R\u00e9seau Nord-Loire Adh\u00e9sions r\u00e9seaux pros Coope\u0301ration internationale Recherche et innovation R\u00e9seau culturel La FFEC","og_url":"https:\/\/lavolierecirque.com\/index.php\/projets-transverse-aux\/","og_site_name":"La Voli\u00e8re","article_modified_time":"2025-05-12T13:40:55+00:00","og_image":[{"width":549,"height":1201,"url":"https:\/\/lavolierecirque.com\/wp-content\/uploads\/2023\/02\/fenetre_Cooperation.jpg","type":"image\/jpeg"}],"twitter_card":"summary_large_image","twitter_misc":{"Dur\u00e9e de lecture estim\u00e9e":"2 minutes"},"schema":{"@context":"https:\/\/schema.org","@graph":[{"@type":"WebPage","@id":"https:\/\/lavolierecirque.com\/index.php\/projets-transverse-aux\/","url":"https:\/\/lavolierecirque.com\/index.php\/projets-transverse-aux\/","name":"Fili\u00e8re & R\u00e9seaux - La Voli\u00e8re","isPartOf":{"@id":"https:\/\/lavolierecirque.com\/#website"},"primaryImageOfPage":{"@id":"https:\/\/lavolierecirque.com\/index.php\/projets-transverse-aux\/#primaryimage"},"image":{"@id":"https:\/\/lavolierecirque.com\/index.php\/projets-transverse-aux\/#primaryimage"},"thumbnailUrl":"https:\/\/lavolierecirque.com\/wp-content\/uploads\/2023\/02\/fenetre_Cooperation.jpg","datePublished":"2023-01-30T10:11:35+00:00","dateModified":"2025-05-12T13:40:55+00:00","breadcrumb":{"@id":"https:\/\/lavolierecirque.com\/index.php\/projets-transverse-aux\/#breadcrumb"},"inLanguage":"fr-FR","potentialAction":[{"@type":"ReadAction","target":["https:\/\/lavolierecirque.com\/index.php\/projets-transverse-aux\/"]}]},{"@type":"ImageObject","inLanguage":"fr-FR","@id":"https:\/\/lavolierecirque.com\/index.php\/projets-transverse-aux\/#primaryimage","url":"https:\/\/lavolierecirque.com\/wp-content\/uploads\/2023\/02\/fenetre_Cooperation.jpg","contentUrl":"https:\/\/lavolierecirque.com\/wp-content\/uploads\/2023\/02\/fenetre_Cooperation.jpg","width":549,"height":1201},{"@type":"BreadcrumbList","@id":"https:\/\/lavolierecirque.com\/index.php\/projets-transverse-aux\/#breadcrumb","itemListElement":[{"@type":"ListItem","position":1,"name":"Accueil","item":"https:\/\/lavolierecirque.com\/"},{"@type":"ListItem","position":2,"name":"Fili\u00e8re &#038; R\u00e9seaux"}]},{"@type":"WebSite","@id":"https:\/\/lavolierecirque.com\/#website","url":"https:\/\/lavolierecirque.com\/","name":"La Voli\u00e8re","description":"Lieu d\u00e9di\u00e9 au nouveau cirque &amp; \u00e0 la danse a\u00e9rienne","potentialAction":[{"@type":"SearchAction","target":{"@type":"EntryPoint","urlTemplate":"https:\/\/lavolierecirque.com\/?s={search_term_string}"},"query-input":{"@type":"PropertyValueSpecification","valueRequired":true,"valueName":"search_term_string"}}],"inLanguage":"fr-FR"}]}},"rttpg_featured_image_url":null,"rttpg_author":{"display_name":"admin5999","author_link":"https:\/\/lavolierecirque.com\/index.php\/author\/admin5999\/"},"rttpg_comment":0,"rttpg_category":null,"rttpg_excerpt":"Coope\u0301ration internationale Recherche et innovation R\u00e9seau Nord-Loire Adh\u00e9sions r\u00e9seaux pros Coope\u0301ration internationale Recherche et innovation R\u00e9seau culturel La FFEC","_links":{"self":[{"href":"https:\/\/lavolierecirque.com\/index.php\/wp-json\/wp\/v2\/pages\/519","targetHints":{"allow":["GET"]}}],"collection":[{"href":"https:\/\/lavolierecirque.com\/index.php\/wp-json\/wp\/v2\/pages"}],"about":[{"href":"https:\/\/lavolierecirque.com\/index.php\/wp-json\/wp\/v2\/types\/page"}],"author":[{"embeddable":true,"href":"https:\/\/lavolierecirque.com\/index.php\/wp-json\/wp\/v2\/users\/1"}],"replies":[{"embeddable":true,"href":"https:\/\/lavolierecirque.com\/index.php\/wp-json\/wp\/v2\/comments?post=519"}],"version-history":[{"count":68,"href":"https:\/\/lavolierecirque.com\/index.php\/wp-json\/wp\/v2\/pages\/519\/revisions"}],"predecessor-version":[{"id":4978,"href":"https:\/\/lavolierecirque.com\/index.php\/wp-json\/wp\/v2\/pages\/519\/revisions\/4978"}],"wp:attachment":[{"href":"https:\/\/lavolierecirque.com\/index.php\/wp-json\/wp\/v2\/media?parent=519"}],"curies":[{"name":"wp","href":"https:\/\/api.w.org\/{rel}","templated":true}]}}