{"id":1658,"date":"2023-02-12T17:42:12","date_gmt":"2023-02-12T16:42:12","guid":{"rendered":"https:\/\/lavolierecirque.com\/?page_id=1658"},"modified":"2026-02-13T14:49:03","modified_gmt":"2026-02-13T13:49:03","slug":"parrainage","status":"publish","type":"page","link":"https:\/\/lavolierecirque.com\/index.php\/parrainage\/","title":{"rendered":"Prises de parole"},"content":{"rendered":"<p><\/p>\n<h2 class=\"wp-block-heading\">Inspiration&#8230;<\/h2>\n<p><\/p>\n<p><\/p>\n<p>\u00a0<\/p>\n<p><\/p>\n<p><\/p>\n<p><strong>Vous souhaitez offrir un moment suspendu \u00e0 vos managers (par exemple) sur la prise de risque, l\u2019audace, le d\u00e9passement de soi,&#8230;?<\/strong><br \/><strong>Que diriez-vous de les convier dans un lieu atypique, \u00e0 deux pas de la gare de St Nazaire ?<br \/><br \/><\/strong><\/p>\n<p>Fred Deb\u2019, chor\u00e9graphe a\u00e9rienne \u00e0 l\u2019international, fondatrice, et dirigeante de La Voli\u00e8re &#8211; lieu d\u00e9di\u00e9 au nouveau cirque et \u00e0 la danse a\u00e9rienne, vous propose de d\u00e9couvrir son parcours inspirant et inspir\u00e9 du TED x auquel elle a particip\u00e9 \u00e0 La Baule en 2022. Drap\u00e9s a\u00e9riens\u00a0 | Fred Deb | TEDxLaBaule<\/p>\n<p>\u00a0<\/p>\n<p>\u00a0<\/p>\n<p><\/p>\n<p>L\u2019audace d\u2019un parcours, l\u2019\u00e9volution en tant que pionni\u00e8re dans son domaine : le cirque a\u00e9rien contemporain, comment devenir expert de son art, autant de parall\u00e8les possibles avec l\u2019entreprise sur le d\u00e9passement de soi, l\u2019innovation, la vision strat\u00e9gique, le pilotage de projets et d\u2019\u00e9quipes.<\/p>\n<p>Cette conf\u00e9rence de Fred Deb&rsquo; apporte une dimension inspirante et originale \u00e0 votre entreprise, et laissera un souvenir durable avec sa prestation de tissus a\u00e9riens qui conclut en apoth\u00e9ose la proposition singuli\u00e8re.<\/p>\n<p>&nbsp;<\/p>\n<p>Ce temps inspirant a \u00e9t\u00e9 notamment propos\u00e9 en mai 2024 en accueillant les r\u00e9seaux de la Maison de l&rsquo;Entreprise de St Nazaire et du SPI Num\u00e9rique.<br>Plong\u00e9s dans une ambiance conviviale gr\u00e2ce \u00e0 notre pianiste, les gens ont pu d\u00e9couvrir notre lieu atypique et notre projet.<br>S&rsquo;en est suivie l&rsquo;intervention de Fred Deb&rsquo; et sa d\u00e9monstration de tissu a\u00e9rien.<br>La soir\u00e9e s&rsquo;est cl\u00f4tur\u00e9e sur un cocktail au son du piano.<\/p><p><br><\/p>\n<p>[Nous disposons d\u2019une salle \u00e9quip\u00e9e en table et chaises permettant de mettre en place une r\u00e9union, un atelier, un s\u00e9minaire\u2026jusqu&rsquo;\u00e0 200 personnes.]<\/p>\n<p>&nbsp;<\/p>\n<p>&nbsp;<\/p>\n<p>&nbsp;<\/p>\n<p>&nbsp;<\/p>\n<p><\/p>\n<p>&nbsp;<\/p>","protected":false},"excerpt":{"rendered":"<p>Inspiration&#8230; \u00a0 L\u2019audace d\u2019un parcours, l\u2019\u00e9volution en tant que pionni\u00e8re dans son domaine : le cirque a\u00e9rien contemporain, comment devenir expert de son art, autant de parall\u00e8les possibles avec l\u2019entreprise sur le d\u00e9passement de soi, l\u2019innovation, la vision strat\u00e9gique, le pilotage de projets et d\u2019\u00e9quipes. Cette conf\u00e9rence de Fred Deb&rsquo; apporte une dimension inspirante et originale \u00e0 votre entreprise, et laissera un souvenir durable avec sa prestation de tissus a\u00e9riens qui conclut en apoth\u00e9ose la proposition singuli\u00e8re. &nbsp; Ce temps inspirant a \u00e9t\u00e9 notamment propos\u00e9 en mai 2024 en accueillant les r\u00e9seaux de la Maison de l&rsquo;Entreprise de St Nazaire et du SPI Num\u00e9rique.Plong\u00e9s dans une ambiance conviviale gr\u00e2ce \u00e0 notre pianiste, les gens ont pu d\u00e9couvrir notre lieu atypique et notre projet.S&rsquo;en est suivie l&rsquo;intervention de Fred Deb&rsquo; et sa d\u00e9monstration de tissu a\u00e9rien.La soir\u00e9e s&rsquo;est cl\u00f4tur\u00e9e sur un cocktail au son du piano. [Nous disposons d\u2019une salle \u00e9quip\u00e9e en table et chaises permettant de mettre en place une r\u00e9union, un atelier, un s\u00e9minaire\u2026jusqu&rsquo;\u00e0 200 personnes.] &nbsp; &nbsp; &nbsp; &nbsp; &nbsp;<\/p>\n","protected":false},"author":1,"featured_media":2144,"parent":0,"menu_order":0,"comment_status":"closed","ping_status":"closed","template":"elementor_theme","meta":{"site-sidebar-layout":"default","site-content-layout":"default","ast-global-header-display":"","ast-main-header-display":"","ast-hfb-above-header-display":"","ast-hfb-below-header-display":"","ast-hfb-mobile-header-display":"","site-post-title":"","ast-breadcrumbs-content":"","ast-featured-img":"","footer-sml-layout":"","theme-transparent-header-meta":"","adv-header-id-meta":"","stick-header-meta":"","header-above-stick-meta":"","header-main-stick-meta":"","header-below-stick-meta":"","ngg_post_thumbnail":0,"footnotes":""},"class_list":["post-1658","page","type-page","status-publish","has-post-thumbnail","hentry"],"yoast_head":"<!-- This site is optimized with the Yoast SEO plugin v26.8 - https:\/\/yoast.com\/product\/yoast-seo-wordpress\/ -->\n<title>Prises de parole - La Voli\u00e8re<\/title>\n<meta name=\"robots\" content=\"index, follow, max-snippet:-1, max-image-preview:large, max-video-preview:-1\" \/>\n<link rel=\"canonical\" href=\"https:\/\/lavolierecirque.com\/index.php\/parrainage\/\" \/>\n<meta property=\"og:locale\" content=\"fr_FR\" \/>\n<meta property=\"og:type\" content=\"article\" \/>\n<meta property=\"og:title\" content=\"Prises de parole - La Voli\u00e8re\" \/>\n<meta property=\"og:description\" content=\"Inspiration&#8230; \u00a0 L\u2019audace d\u2019un parcours, l\u2019\u00e9volution en tant que pionni\u00e8re dans son domaine : le cirque a\u00e9rien contemporain, comment devenir expert de son art, autant de parall\u00e8les possibles avec l\u2019entreprise sur le d\u00e9passement de soi, l\u2019innovation, la vision strat\u00e9gique, le pilotage de projets et d\u2019\u00e9quipes. Cette conf\u00e9rence de Fred Deb&rsquo; apporte une dimension inspirante et originale \u00e0 votre entreprise, et laissera un souvenir durable avec sa prestation de tissus a\u00e9riens qui conclut en apoth\u00e9ose la proposition singuli\u00e8re. &nbsp; Ce temps inspirant a \u00e9t\u00e9 notamment propos\u00e9 en mai 2024 en accueillant les r\u00e9seaux de la Maison de l&rsquo;Entreprise de St Nazaire et du SPI Num\u00e9rique.Plong\u00e9s dans une ambiance conviviale gr\u00e2ce \u00e0 notre pianiste, les gens ont pu d\u00e9couvrir notre lieu atypique et notre projet.S&rsquo;en est suivie l&rsquo;intervention de Fred Deb&rsquo; et sa d\u00e9monstration de tissu a\u00e9rien.La soir\u00e9e s&rsquo;est cl\u00f4tur\u00e9e sur un cocktail au son du piano. [Nous disposons d\u2019une salle \u00e9quip\u00e9e en table et chaises permettant de mettre en place une r\u00e9union, un atelier, un s\u00e9minaire\u2026jusqu&rsquo;\u00e0 200 personnes.] &nbsp; &nbsp; &nbsp; &nbsp; &nbsp;\" \/>\n<meta property=\"og:url\" content=\"https:\/\/lavolierecirque.com\/index.php\/parrainage\/\" \/>\n<meta property=\"og:site_name\" content=\"La Voli\u00e8re\" \/>\n<meta property=\"article:modified_time\" content=\"2026-02-13T13:49:03+00:00\" \/>\n<meta property=\"og:image\" content=\"https:\/\/lavolierecirque.com\/wp-content\/uploads\/2023\/02\/Sans-titre-3.jpg\" \/>\n\t<meta property=\"og:image:width\" content=\"1200\" \/>\n\t<meta property=\"og:image:height\" content=\"400\" \/>\n\t<meta property=\"og:image:type\" content=\"image\/jpeg\" \/>\n<meta name=\"twitter:card\" content=\"summary_large_image\" \/>\n<meta name=\"twitter:label1\" content=\"Dur\u00e9e de lecture estim\u00e9e\" \/>\n\t<meta name=\"twitter:data1\" content=\"1 minute\" \/>\n<script type=\"application\/ld+json\" class=\"yoast-schema-graph\">{\"@context\":\"https:\/\/schema.org\",\"@graph\":[{\"@type\":\"WebPage\",\"@id\":\"https:\/\/lavolierecirque.com\/index.php\/parrainage\/\",\"url\":\"https:\/\/lavolierecirque.com\/index.php\/parrainage\/\",\"name\":\"Prises de parole - La Voli\u00e8re\",\"isPartOf\":{\"@id\":\"https:\/\/lavolierecirque.com\/#website\"},\"primaryImageOfPage\":{\"@id\":\"https:\/\/lavolierecirque.com\/index.php\/parrainage\/#primaryimage\"},\"image\":{\"@id\":\"https:\/\/lavolierecirque.com\/index.php\/parrainage\/#primaryimage\"},\"thumbnailUrl\":\"https:\/\/lavolierecirque.com\/wp-content\/uploads\/2023\/02\/Sans-titre-3.jpg\",\"datePublished\":\"2023-02-12T16:42:12+00:00\",\"dateModified\":\"2026-02-13T13:49:03+00:00\",\"breadcrumb\":{\"@id\":\"https:\/\/lavolierecirque.com\/index.php\/parrainage\/#breadcrumb\"},\"inLanguage\":\"fr-FR\",\"potentialAction\":[{\"@type\":\"ReadAction\",\"target\":[\"https:\/\/lavolierecirque.com\/index.php\/parrainage\/\"]}]},{\"@type\":\"ImageObject\",\"inLanguage\":\"fr-FR\",\"@id\":\"https:\/\/lavolierecirque.com\/index.php\/parrainage\/#primaryimage\",\"url\":\"https:\/\/lavolierecirque.com\/wp-content\/uploads\/2023\/02\/Sans-titre-3.jpg\",\"contentUrl\":\"https:\/\/lavolierecirque.com\/wp-content\/uploads\/2023\/02\/Sans-titre-3.jpg\",\"width\":1200,\"height\":400},{\"@type\":\"BreadcrumbList\",\"@id\":\"https:\/\/lavolierecirque.com\/index.php\/parrainage\/#breadcrumb\",\"itemListElement\":[{\"@type\":\"ListItem\",\"position\":1,\"name\":\"Accueil\",\"item\":\"https:\/\/lavolierecirque.com\/\"},{\"@type\":\"ListItem\",\"position\":2,\"name\":\"Prises de parole\"}]},{\"@type\":\"WebSite\",\"@id\":\"https:\/\/lavolierecirque.com\/#website\",\"url\":\"https:\/\/lavolierecirque.com\/\",\"name\":\"La Voli\u00e8re\",\"description\":\"Lieu d\u00e9di\u00e9 au nouveau cirque &amp; \u00e0 la danse a\u00e9rienne\",\"potentialAction\":[{\"@type\":\"SearchAction\",\"target\":{\"@type\":\"EntryPoint\",\"urlTemplate\":\"https:\/\/lavolierecirque.com\/?s={search_term_string}\"},\"query-input\":{\"@type\":\"PropertyValueSpecification\",\"valueRequired\":true,\"valueName\":\"search_term_string\"}}],\"inLanguage\":\"fr-FR\"}]}<\/script>\n<!-- \/ Yoast SEO plugin. -->","yoast_head_json":{"title":"Prises de parole - La Voli\u00e8re","robots":{"index":"index","follow":"follow","max-snippet":"max-snippet:-1","max-image-preview":"max-image-preview:large","max-video-preview":"max-video-preview:-1"},"canonical":"https:\/\/lavolierecirque.com\/index.php\/parrainage\/","og_locale":"fr_FR","og_type":"article","og_title":"Prises de parole - La Voli\u00e8re","og_description":"Inspiration&#8230; \u00a0 L\u2019audace d\u2019un parcours, l\u2019\u00e9volution en tant que pionni\u00e8re dans son domaine : le cirque a\u00e9rien contemporain, comment devenir expert de son art, autant de parall\u00e8les possibles avec l\u2019entreprise sur le d\u00e9passement de soi, l\u2019innovation, la vision strat\u00e9gique, le pilotage de projets et d\u2019\u00e9quipes. Cette conf\u00e9rence de Fred Deb&rsquo; apporte une dimension inspirante et originale \u00e0 votre entreprise, et laissera un souvenir durable avec sa prestation de tissus a\u00e9riens qui conclut en apoth\u00e9ose la proposition singuli\u00e8re. &nbsp; Ce temps inspirant a \u00e9t\u00e9 notamment propos\u00e9 en mai 2024 en accueillant les r\u00e9seaux de la Maison de l&rsquo;Entreprise de St Nazaire et du SPI Num\u00e9rique.Plong\u00e9s dans une ambiance conviviale gr\u00e2ce \u00e0 notre pianiste, les gens ont pu d\u00e9couvrir notre lieu atypique et notre projet.S&rsquo;en est suivie l&rsquo;intervention de Fred Deb&rsquo; et sa d\u00e9monstration de tissu a\u00e9rien.La soir\u00e9e s&rsquo;est cl\u00f4tur\u00e9e sur un cocktail au son du piano. [Nous disposons d\u2019une salle \u00e9quip\u00e9e en table et chaises permettant de mettre en place une r\u00e9union, un atelier, un s\u00e9minaire\u2026jusqu&rsquo;\u00e0 200 personnes.] &nbsp; &nbsp; &nbsp; &nbsp; &nbsp;","og_url":"https:\/\/lavolierecirque.com\/index.php\/parrainage\/","og_site_name":"La Voli\u00e8re","article_modified_time":"2026-02-13T13:49:03+00:00","og_image":[{"width":1200,"height":400,"url":"https:\/\/lavolierecirque.com\/wp-content\/uploads\/2023\/02\/Sans-titre-3.jpg","type":"image\/jpeg"}],"twitter_card":"summary_large_image","twitter_misc":{"Dur\u00e9e de lecture estim\u00e9e":"1 minute"},"schema":{"@context":"https:\/\/schema.org","@graph":[{"@type":"WebPage","@id":"https:\/\/lavolierecirque.com\/index.php\/parrainage\/","url":"https:\/\/lavolierecirque.com\/index.php\/parrainage\/","name":"Prises de parole - La Voli\u00e8re","isPartOf":{"@id":"https:\/\/lavolierecirque.com\/#website"},"primaryImageOfPage":{"@id":"https:\/\/lavolierecirque.com\/index.php\/parrainage\/#primaryimage"},"image":{"@id":"https:\/\/lavolierecirque.com\/index.php\/parrainage\/#primaryimage"},"thumbnailUrl":"https:\/\/lavolierecirque.com\/wp-content\/uploads\/2023\/02\/Sans-titre-3.jpg","datePublished":"2023-02-12T16:42:12+00:00","dateModified":"2026-02-13T13:49:03+00:00","breadcrumb":{"@id":"https:\/\/lavolierecirque.com\/index.php\/parrainage\/#breadcrumb"},"inLanguage":"fr-FR","potentialAction":[{"@type":"ReadAction","target":["https:\/\/lavolierecirque.com\/index.php\/parrainage\/"]}]},{"@type":"ImageObject","inLanguage":"fr-FR","@id":"https:\/\/lavolierecirque.com\/index.php\/parrainage\/#primaryimage","url":"https:\/\/lavolierecirque.com\/wp-content\/uploads\/2023\/02\/Sans-titre-3.jpg","contentUrl":"https:\/\/lavolierecirque.com\/wp-content\/uploads\/2023\/02\/Sans-titre-3.jpg","width":1200,"height":400},{"@type":"BreadcrumbList","@id":"https:\/\/lavolierecirque.com\/index.php\/parrainage\/#breadcrumb","itemListElement":[{"@type":"ListItem","position":1,"name":"Accueil","item":"https:\/\/lavolierecirque.com\/"},{"@type":"ListItem","position":2,"name":"Prises de parole"}]},{"@type":"WebSite","@id":"https:\/\/lavolierecirque.com\/#website","url":"https:\/\/lavolierecirque.com\/","name":"La Voli\u00e8re","description":"Lieu d\u00e9di\u00e9 au nouveau cirque &amp; \u00e0 la danse a\u00e9rienne","potentialAction":[{"@type":"SearchAction","target":{"@type":"EntryPoint","urlTemplate":"https:\/\/lavolierecirque.com\/?s={search_term_string}"},"query-input":{"@type":"PropertyValueSpecification","valueRequired":true,"valueName":"search_term_string"}}],"inLanguage":"fr-FR"}]}},"rttpg_featured_image_url":{"full":["https:\/\/lavolierecirque.com\/wp-content\/uploads\/2023\/02\/Sans-titre-3.jpg",1200,400,false],"landscape":["https:\/\/lavolierecirque.com\/wp-content\/uploads\/2023\/02\/Sans-titre-3.jpg",1200,400,false],"portraits":["https:\/\/lavolierecirque.com\/wp-content\/uploads\/2023\/02\/Sans-titre-3.jpg",1200,400,false],"thumbnail":["https:\/\/lavolierecirque.com\/wp-content\/uploads\/2023\/02\/Sans-titre-3-150x150.jpg",150,150,true],"medium":["https:\/\/lavolierecirque.com\/wp-content\/uploads\/2023\/02\/Sans-titre-3-300x100.jpg",300,100,true],"large":["https:\/\/lavolierecirque.com\/wp-content\/uploads\/2023\/02\/Sans-titre-3.jpg",1200,400,false],"1536x1536":["https:\/\/lavolierecirque.com\/wp-content\/uploads\/2023\/02\/Sans-titre-3.jpg",1200,400,false],"2048x2048":["https:\/\/lavolierecirque.com\/wp-content\/uploads\/2023\/02\/Sans-titre-3.jpg",1200,400,false]},"rttpg_author":{"display_name":"admin5999","author_link":"https:\/\/lavolierecirque.com\/index.php\/author\/admin5999\/"},"rttpg_comment":0,"rttpg_category":null,"rttpg_excerpt":"Inspiration&#8230; \u00a0 L\u2019audace d\u2019un parcours, l\u2019\u00e9volution en tant que pionni\u00e8re dans son domaine : le cirque a\u00e9rien contemporain, comment devenir expert de son art, autant de parall\u00e8les possibles avec l\u2019entreprise sur le d\u00e9passement de soi, l\u2019innovation, la vision strat\u00e9gique, le pilotage de projets et d\u2019\u00e9quipes. Cette conf\u00e9rence de Fred Deb&rsquo; apporte une dimension inspirante et\u2026","_links":{"self":[{"href":"https:\/\/lavolierecirque.com\/index.php\/wp-json\/wp\/v2\/pages\/1658","targetHints":{"allow":["GET"]}}],"collection":[{"href":"https:\/\/lavolierecirque.com\/index.php\/wp-json\/wp\/v2\/pages"}],"about":[{"href":"https:\/\/lavolierecirque.com\/index.php\/wp-json\/wp\/v2\/types\/page"}],"author":[{"embeddable":true,"href":"https:\/\/lavolierecirque.com\/index.php\/wp-json\/wp\/v2\/users\/1"}],"replies":[{"embeddable":true,"href":"https:\/\/lavolierecirque.com\/index.php\/wp-json\/wp\/v2\/comments?post=1658"}],"version-history":[{"count":9,"href":"https:\/\/lavolierecirque.com\/index.php\/wp-json\/wp\/v2\/pages\/1658\/revisions"}],"predecessor-version":[{"id":3998,"href":"https:\/\/lavolierecirque.com\/index.php\/wp-json\/wp\/v2\/pages\/1658\/revisions\/3998"}],"wp:featuredmedia":[{"embeddable":true,"href":"https:\/\/lavolierecirque.com\/index.php\/wp-json\/wp\/v2\/media\/2144"}],"wp:attachment":[{"href":"https:\/\/lavolierecirque.com\/index.php\/wp-json\/wp\/v2\/media?parent=1658"}],"curies":[{"name":"wp","href":"https:\/\/api.w.org\/{rel}","templated":true}]}}