{"id":1657,"date":"2023-02-12T17:38:38","date_gmt":"2023-02-12T16:38:38","guid":{"rendered":"https:\/\/lavolierecirque.com\/?page_id=1657"},"modified":"2026-02-11T15:11:04","modified_gmt":"2026-02-11T14:11:04","slug":"prestations-entreprises","status":"publish","type":"page","link":"https:\/\/lavolierecirque.com\/index.php\/prestations-entreprises\/","title":{"rendered":"Prestations entreprises"},"content":{"rendered":"\n<h3 class=\"wp-block-heading has-text-align-center\">Danse a\u00e9rienne, cirque, yoga a\u00e9rien : du haut vol pour des moments inoubliables ! La Voli\u00e8re d\u00e9veloppe une offre de prestations d\u00e9di\u00e9es aux entreprises. Sensible \u00e0 la question du bien-\u00eatre au travail et du d\u00e9veloppement personnel, la Voli\u00e8re a imagin\u00e9 des programmes pour r\u00e9pondre \u00e0 ces enjeux.<\/h3>\n\n\n\n<div style=\"height:52px\" aria-hidden=\"true\" class=\"wp-block-spacer\"><\/div>\n\n\n\n<div class=\"wp-block-columns is-layout-flex wp-container-core-columns-is-layout-1 wp-block-columns-is-layout-flex\">\n<div class=\"wp-block-column is-layout-flow wp-block-column-is-layout-flow\">\n<h2 class=\"wp-block-heading has-text-align-center\">Atelier ludique<\/h2>\n\n\n\n<p class=\"has-text-align-center\">Vous cherchez \u00e0 offrir un moment de convivialit\u00e9 et de d\u00e9tente \u00e0 vos salari\u00e9s, le temps d\u2019une journ\u00e9e, d\u2019une demi-journ\u00e9e, ou d\u2019une soir\u00e9e ?<br>Partagez avec votre \u00e9quipe des moments intenses et ludiques, dans un cadre propice aux loisirs et au bien-\u00eatre gr\u00e2ce aux arts du cirque.<\/p>\n<\/div>\n\n\n\n<div class=\"wp-block-column is-layout-flow wp-block-column-is-layout-flow\">\n<h2 class=\"wp-block-heading has-text-align-center\">Team building<\/h2>\n\n\n\n<p class=\"has-text-align-center\">Tourn\u00e9 vers la cr\u00e9ation d\u2019une v\u00e9ritable coh\u00e9sion d\u2019\u00e9quipe et la bienveillance entre ses membres.<br>Vivez une exp\u00e9rience in\u00e9dite et engageante pour d\u00e9velopper une surprenante conscience collective et individuelle, retrouver de la confiance en soi et entre collaborateurs, de la coh\u00e9sion d\u2019\u00e9quipe, de l\u2019engagement et de la prise de risque.<br>Partagez de vrais moments cr\u00e9ateurs de liens, vou\u00e9s \u00e0 faire \u00e9voluer l\u2019ambiance au travail et la gestion des t\u00e2ches quotidienne : <br>enjeux de l\u2019entreprise<\/p>\n<\/div>\n<\/div>\n\n\n\n<div style=\"height:52px\" aria-hidden=\"true\" class=\"wp-block-spacer\"><\/div>\n\n\n\n<div class=\"wp-block-columns is-layout-flex wp-container-core-columns-is-layout-2 wp-block-columns-is-layout-flex\">\n<div class=\"wp-block-column is-layout-flow wp-block-column-is-layout-flow\" style=\"flex-basis:100%\">\n<div class=\"wp-block-buttons is-content-justification-center is-layout-flex wp-container-core-buttons-is-layout-1 wp-block-buttons-is-layout-flex\">\n<div class=\"wp-block-button is-style-fill\"><a class=\"wp-block-button__link wp-element-button\" href=\"https:\/\/lavoliere-my.sharepoint.com\/:b:\/g\/personal\/cecile_lavoliere_onmicrosoft_com\/IQDoaOjBZPGTQY64a7njZK1LAQlq1eH4fPntiagHNDBYz78?e=NsIN9R\" style=\"border-radius:1px\" target=\"_blank\" rel=\"noreferrer noopener\">Dossier de pr\u00e9sentation<\/a><\/div>\n\n\n\n<div class=\"wp-block-button is-style-fill\"><a class=\"wp-block-button__link wp-element-button\" href=\"https:\/\/forms.gle\/G7H6rZK8auRZJPdU6\" style=\"border-radius:1px\" target=\"_blank\" rel=\"noreferrer noopener\">Devis sur demande<\/a><\/div>\n<\/div>\n<\/div>\n<\/div>\n\n\n\n<div style=\"height:52px\" aria-hidden=\"true\" class=\"wp-block-spacer\"><\/div>\n\n\n\n<figure class=\"wp-block-image size-full\"><a href=\"https:\/\/my.matterport.com\/show\/?m=YjXQnxixCXL\"><img fetchpriority=\"high\" decoding=\"async\" width=\"1200\" height=\"300\" src=\"https:\/\/lavolierecirque.com\/wp-content\/uploads\/2023\/02\/Sans-titre-2.jpg\" alt=\"\" class=\"wp-image-1974\" srcset=\"https:\/\/lavolierecirque.com\/wp-content\/uploads\/2023\/02\/Sans-titre-2.jpg 1200w, https:\/\/lavolierecirque.com\/wp-content\/uploads\/2023\/02\/Sans-titre-2-300x75.jpg 300w, https:\/\/lavolierecirque.com\/wp-content\/uploads\/2023\/02\/Sans-titre-2-768x192.jpg 768w\" sizes=\"(max-width: 1200px) 100vw, 1200px\" \/><\/a><\/figure>\n\n\n\nngg_shortcode_0_placeholder\n","protected":false},"excerpt":{"rendered":"<p>Danse a\u00e9rienne, cirque, yoga a\u00e9rien : du haut vol pour des moments inoubliables ! La Voli\u00e8re d\u00e9veloppe une offre de prestations d\u00e9di\u00e9es aux entreprises. Sensible \u00e0 la question du bien-\u00eatre au travail et du d\u00e9veloppement personnel, la Voli\u00e8re a imagin\u00e9 des programmes pour r\u00e9pondre \u00e0 ces enjeux. Atelier ludique Vous cherchez \u00e0 offrir un moment de convivialit\u00e9 et de d\u00e9tente \u00e0 vos salari\u00e9s, le temps d\u2019une journ\u00e9e, d\u2019une demi-journ\u00e9e, ou d\u2019une soir\u00e9e ?Partagez avec votre \u00e9quipe des moments intenses et ludiques, dans un cadre propice aux loisirs et au bien-\u00eatre gr\u00e2ce aux arts du cirque. Team building Tourn\u00e9 vers la cr\u00e9ation d\u2019une v\u00e9ritable coh\u00e9sion d\u2019\u00e9quipe et la bienveillance entre ses membres.Vivez une exp\u00e9rience in\u00e9dite et engageante pour d\u00e9velopper une surprenante conscience collective et individuelle, retrouver de la confiance en soi et entre collaborateurs, de la coh\u00e9sion d\u2019\u00e9quipe, de l\u2019engagement et de la prise de risque.Partagez de vrais moments cr\u00e9ateurs de liens, vou\u00e9s \u00e0 faire \u00e9voluer l\u2019ambiance au travail et la gestion des t\u00e2ches quotidienne : enjeux de l\u2019entreprise<\/p>\n","protected":false},"author":1,"featured_media":1898,"parent":0,"menu_order":0,"comment_status":"closed","ping_status":"closed","template":"","meta":{"site-sidebar-layout":"default","site-content-layout":"default","ast-global-header-display":"","ast-main-header-display":"","ast-hfb-above-header-display":"","ast-hfb-below-header-display":"","ast-hfb-mobile-header-display":"","site-post-title":"","ast-breadcrumbs-content":"","ast-featured-img":"","footer-sml-layout":"","theme-transparent-header-meta":"","adv-header-id-meta":"","stick-header-meta":"","header-above-stick-meta":"","header-main-stick-meta":"","header-below-stick-meta":"","ngg_post_thumbnail":0,"footnotes":""},"class_list":["post-1657","page","type-page","status-publish","has-post-thumbnail","hentry"],"yoast_head":"<!-- This site is optimized with the Yoast SEO plugin v26.8 - https:\/\/yoast.com\/product\/yoast-seo-wordpress\/ -->\n<title>Prestations entreprises - La Voli\u00e8re<\/title>\n<meta name=\"description\" content=\"La Voli\u00e8re propose des solutions \u00e9v\u00e9nementielles uniques \u00e0 deux pas de la gare de Saint-Nazaire. Team building, spectacles, conf\u00e9rences...\" \/>\n<meta name=\"robots\" content=\"index, follow, max-snippet:-1, max-image-preview:large, max-video-preview:-1\" \/>\n<link rel=\"canonical\" href=\"https:\/\/lavolierecirque.com\/index.php\/prestations-entreprises\/\" \/>\n<meta property=\"og:locale\" content=\"fr_FR\" \/>\n<meta property=\"og:type\" content=\"article\" \/>\n<meta property=\"og:title\" content=\"Prestations entreprises - La Voli\u00e8re\" \/>\n<meta property=\"og:description\" content=\"La Voli\u00e8re propose des solutions \u00e9v\u00e9nementielles uniques \u00e0 deux pas de la gare de Saint-Nazaire. Team building, spectacles, conf\u00e9rences...\" \/>\n<meta property=\"og:url\" content=\"https:\/\/lavolierecirque.com\/index.php\/prestations-entreprises\/\" \/>\n<meta property=\"og:site_name\" content=\"La Voli\u00e8re\" \/>\n<meta property=\"article:modified_time\" content=\"2026-02-11T14:11:04+00:00\" \/>\n<meta property=\"og:image\" content=\"https:\/\/lavolierecirque.com\/wp-content\/uploads\/2023\/02\/Sans-titre-1.jpg\" \/>\n\t<meta property=\"og:image:width\" content=\"1200\" \/>\n\t<meta property=\"og:image:height\" content=\"400\" \/>\n\t<meta property=\"og:image:type\" content=\"image\/jpeg\" \/>\n<meta name=\"twitter:card\" content=\"summary_large_image\" \/>\n<meta name=\"twitter:label1\" content=\"Dur\u00e9e de lecture estim\u00e9e\" \/>\n\t<meta name=\"twitter:data1\" content=\"1 minute\" \/>\n<script type=\"application\/ld+json\" class=\"yoast-schema-graph\">{\"@context\":\"https:\/\/schema.org\",\"@graph\":[{\"@type\":\"WebPage\",\"@id\":\"https:\/\/lavolierecirque.com\/index.php\/prestations-entreprises\/\",\"url\":\"https:\/\/lavolierecirque.com\/index.php\/prestations-entreprises\/\",\"name\":\"Prestations entreprises - La Voli\u00e8re\",\"isPartOf\":{\"@id\":\"https:\/\/lavolierecirque.com\/#website\"},\"primaryImageOfPage\":{\"@id\":\"https:\/\/lavolierecirque.com\/index.php\/prestations-entreprises\/#primaryimage\"},\"image\":{\"@id\":\"https:\/\/lavolierecirque.com\/index.php\/prestations-entreprises\/#primaryimage\"},\"thumbnailUrl\":\"https:\/\/lavolierecirque.com\/wp-content\/uploads\/2023\/02\/Sans-titre-1.jpg\",\"datePublished\":\"2023-02-12T16:38:38+00:00\",\"dateModified\":\"2026-02-11T14:11:04+00:00\",\"description\":\"La Voli\u00e8re propose des solutions \u00e9v\u00e9nementielles uniques \u00e0 deux pas de la gare de Saint-Nazaire. Team building, spectacles, conf\u00e9rences...\",\"breadcrumb\":{\"@id\":\"https:\/\/lavolierecirque.com\/index.php\/prestations-entreprises\/#breadcrumb\"},\"inLanguage\":\"fr-FR\",\"potentialAction\":[{\"@type\":\"ReadAction\",\"target\":[\"https:\/\/lavolierecirque.com\/index.php\/prestations-entreprises\/\"]}]},{\"@type\":\"ImageObject\",\"inLanguage\":\"fr-FR\",\"@id\":\"https:\/\/lavolierecirque.com\/index.php\/prestations-entreprises\/#primaryimage\",\"url\":\"https:\/\/lavolierecirque.com\/wp-content\/uploads\/2023\/02\/Sans-titre-1.jpg\",\"contentUrl\":\"https:\/\/lavolierecirque.com\/wp-content\/uploads\/2023\/02\/Sans-titre-1.jpg\",\"width\":1200,\"height\":400},{\"@type\":\"BreadcrumbList\",\"@id\":\"https:\/\/lavolierecirque.com\/index.php\/prestations-entreprises\/#breadcrumb\",\"itemListElement\":[{\"@type\":\"ListItem\",\"position\":1,\"name\":\"Accueil\",\"item\":\"https:\/\/lavolierecirque.com\/\"},{\"@type\":\"ListItem\",\"position\":2,\"name\":\"Prestations entreprises\"}]},{\"@type\":\"WebSite\",\"@id\":\"https:\/\/lavolierecirque.com\/#website\",\"url\":\"https:\/\/lavolierecirque.com\/\",\"name\":\"La Voli\u00e8re\",\"description\":\"Lieu d\u00e9di\u00e9 au nouveau cirque &amp; \u00e0 la danse a\u00e9rienne\",\"potentialAction\":[{\"@type\":\"SearchAction\",\"target\":{\"@type\":\"EntryPoint\",\"urlTemplate\":\"https:\/\/lavolierecirque.com\/?s={search_term_string}\"},\"query-input\":{\"@type\":\"PropertyValueSpecification\",\"valueRequired\":true,\"valueName\":\"search_term_string\"}}],\"inLanguage\":\"fr-FR\"}]}<\/script>\n<!-- \/ Yoast SEO plugin. -->","yoast_head_json":{"title":"Prestations entreprises - La Voli\u00e8re","description":"La Voli\u00e8re propose des solutions \u00e9v\u00e9nementielles uniques \u00e0 deux pas de la gare de Saint-Nazaire. Team building, spectacles, conf\u00e9rences...","robots":{"index":"index","follow":"follow","max-snippet":"max-snippet:-1","max-image-preview":"max-image-preview:large","max-video-preview":"max-video-preview:-1"},"canonical":"https:\/\/lavolierecirque.com\/index.php\/prestations-entreprises\/","og_locale":"fr_FR","og_type":"article","og_title":"Prestations entreprises - La Voli\u00e8re","og_description":"La Voli\u00e8re propose des solutions \u00e9v\u00e9nementielles uniques \u00e0 deux pas de la gare de Saint-Nazaire. Team building, spectacles, conf\u00e9rences...","og_url":"https:\/\/lavolierecirque.com\/index.php\/prestations-entreprises\/","og_site_name":"La Voli\u00e8re","article_modified_time":"2026-02-11T14:11:04+00:00","og_image":[{"width":1200,"height":400,"url":"https:\/\/lavolierecirque.com\/wp-content\/uploads\/2023\/02\/Sans-titre-1.jpg","type":"image\/jpeg"}],"twitter_card":"summary_large_image","twitter_misc":{"Dur\u00e9e de lecture estim\u00e9e":"1 minute"},"schema":{"@context":"https:\/\/schema.org","@graph":[{"@type":"WebPage","@id":"https:\/\/lavolierecirque.com\/index.php\/prestations-entreprises\/","url":"https:\/\/lavolierecirque.com\/index.php\/prestations-entreprises\/","name":"Prestations entreprises - La Voli\u00e8re","isPartOf":{"@id":"https:\/\/lavolierecirque.com\/#website"},"primaryImageOfPage":{"@id":"https:\/\/lavolierecirque.com\/index.php\/prestations-entreprises\/#primaryimage"},"image":{"@id":"https:\/\/lavolierecirque.com\/index.php\/prestations-entreprises\/#primaryimage"},"thumbnailUrl":"https:\/\/lavolierecirque.com\/wp-content\/uploads\/2023\/02\/Sans-titre-1.jpg","datePublished":"2023-02-12T16:38:38+00:00","dateModified":"2026-02-11T14:11:04+00:00","description":"La Voli\u00e8re propose des solutions \u00e9v\u00e9nementielles uniques \u00e0 deux pas de la gare de Saint-Nazaire. Team building, spectacles, conf\u00e9rences...","breadcrumb":{"@id":"https:\/\/lavolierecirque.com\/index.php\/prestations-entreprises\/#breadcrumb"},"inLanguage":"fr-FR","potentialAction":[{"@type":"ReadAction","target":["https:\/\/lavolierecirque.com\/index.php\/prestations-entreprises\/"]}]},{"@type":"ImageObject","inLanguage":"fr-FR","@id":"https:\/\/lavolierecirque.com\/index.php\/prestations-entreprises\/#primaryimage","url":"https:\/\/lavolierecirque.com\/wp-content\/uploads\/2023\/02\/Sans-titre-1.jpg","contentUrl":"https:\/\/lavolierecirque.com\/wp-content\/uploads\/2023\/02\/Sans-titre-1.jpg","width":1200,"height":400},{"@type":"BreadcrumbList","@id":"https:\/\/lavolierecirque.com\/index.php\/prestations-entreprises\/#breadcrumb","itemListElement":[{"@type":"ListItem","position":1,"name":"Accueil","item":"https:\/\/lavolierecirque.com\/"},{"@type":"ListItem","position":2,"name":"Prestations entreprises"}]},{"@type":"WebSite","@id":"https:\/\/lavolierecirque.com\/#website","url":"https:\/\/lavolierecirque.com\/","name":"La Voli\u00e8re","description":"Lieu d\u00e9di\u00e9 au nouveau cirque &amp; \u00e0 la danse a\u00e9rienne","potentialAction":[{"@type":"SearchAction","target":{"@type":"EntryPoint","urlTemplate":"https:\/\/lavolierecirque.com\/?s={search_term_string}"},"query-input":{"@type":"PropertyValueSpecification","valueRequired":true,"valueName":"search_term_string"}}],"inLanguage":"fr-FR"}]}},"rttpg_featured_image_url":{"full":["https:\/\/lavolierecirque.com\/wp-content\/uploads\/2023\/02\/Sans-titre-1.jpg",1200,400,false],"landscape":["https:\/\/lavolierecirque.com\/wp-content\/uploads\/2023\/02\/Sans-titre-1.jpg",1200,400,false],"portraits":["https:\/\/lavolierecirque.com\/wp-content\/uploads\/2023\/02\/Sans-titre-1.jpg",1200,400,false],"thumbnail":["https:\/\/lavolierecirque.com\/wp-content\/uploads\/2023\/02\/Sans-titre-1-150x150.jpg",150,150,true],"medium":["https:\/\/lavolierecirque.com\/wp-content\/uploads\/2023\/02\/Sans-titre-1-300x100.jpg",300,100,true],"large":["https:\/\/lavolierecirque.com\/wp-content\/uploads\/2023\/02\/Sans-titre-1.jpg",1200,400,false],"1536x1536":["https:\/\/lavolierecirque.com\/wp-content\/uploads\/2023\/02\/Sans-titre-1.jpg",1200,400,false],"2048x2048":["https:\/\/lavolierecirque.com\/wp-content\/uploads\/2023\/02\/Sans-titre-1.jpg",1200,400,false]},"rttpg_author":{"display_name":"admin5999","author_link":"https:\/\/lavolierecirque.com\/index.php\/author\/admin5999\/"},"rttpg_comment":0,"rttpg_category":null,"rttpg_excerpt":"Danse a\u00e9rienne, cirque, yoga a\u00e9rien : du haut vol pour des moments inoubliables ! La Voli\u00e8re d\u00e9veloppe une offre de prestations d\u00e9di\u00e9es aux entreprises. Sensible \u00e0 la question du bien-\u00eatre au travail et du d\u00e9veloppement personnel, la Voli\u00e8re a imagin\u00e9 des programmes pour r\u00e9pondre \u00e0 ces enjeux. Atelier ludique Vous cherchez \u00e0 offrir un moment\u2026","_links":{"self":[{"href":"https:\/\/lavolierecirque.com\/index.php\/wp-json\/wp\/v2\/pages\/1657","targetHints":{"allow":["GET"]}}],"collection":[{"href":"https:\/\/lavolierecirque.com\/index.php\/wp-json\/wp\/v2\/pages"}],"about":[{"href":"https:\/\/lavolierecirque.com\/index.php\/wp-json\/wp\/v2\/types\/page"}],"author":[{"embeddable":true,"href":"https:\/\/lavolierecirque.com\/index.php\/wp-json\/wp\/v2\/users\/1"}],"replies":[{"embeddable":true,"href":"https:\/\/lavolierecirque.com\/index.php\/wp-json\/wp\/v2\/comments?post=1657"}],"version-history":[{"count":25,"href":"https:\/\/lavolierecirque.com\/index.php\/wp-json\/wp\/v2\/pages\/1657\/revisions"}],"predecessor-version":[{"id":5742,"href":"https:\/\/lavolierecirque.com\/index.php\/wp-json\/wp\/v2\/pages\/1657\/revisions\/5742"}],"wp:featuredmedia":[{"embeddable":true,"href":"https:\/\/lavolierecirque.com\/index.php\/wp-json\/wp\/v2\/media\/1898"}],"wp:attachment":[{"href":"https:\/\/lavolierecirque.com\/index.php\/wp-json\/wp\/v2\/media?parent=1657"}],"curies":[{"name":"wp","href":"https:\/\/api.w.org\/{rel}","templated":true}]}}