{"id":1524,"date":"2023-02-12T15:31:51","date_gmt":"2023-02-12T14:31:51","guid":{"rendered":"https:\/\/lavolierecirque.com\/?page_id=1524"},"modified":"2026-01-23T15:34:55","modified_gmt":"2026-01-23T14:34:55","slug":"entrainement-pro","status":"publish","type":"page","link":"https:\/\/lavolierecirque.com\/index.php\/entrainement-pro\/","title":{"rendered":"Entrainement professionnel"},"content":{"rendered":"\n<h3 class=\"wp-block-heading\">Indispensable et indissociable de l\u2019artiste de cirque, l\u2019entrainement quotidien est dans son ADN.<br>La Voli\u00e8re met ses locaux \u00e0 disposition des professionnels des Arts du Cirque pour leurs entrainements. De nombreux points d\u2019accroches permettent d\u2019accueillir l\u2019entrainement d\u2019artistes a\u00e9riens, valeur ajout\u00e9e de la salle qui est con\u00e7ue pour la pratique des \u00ab verticaux \u00bb.<\/h3>\n\n\n\n<p>En fonction des demandes le mat\u00e9riel de la salle est mis \u00e0 disposition des artistes (tapis de r\u00e9ception, trampoline, tissus, cercle, corde\u2026)<br>L\u2019entrainement professionnel libre des artistes est soumis \u00e0 la charte d&rsquo;accueil consultable ci-dessous.<\/p>\n\n\n\n<p><em><strong>L&rsquo;entrainement est ouvert aux professionnels sous r\u00e9serve d&rsquo;un justificatif attestant de la pratique professionnelle.<\/strong><\/em><\/p>\n\n\n\n<div style=\"height:52px\" aria-hidden=\"true\" class=\"wp-block-spacer\"><\/div>\n\n\n\n<div class=\"wp-block-buttons is-content-justification-center is-layout-flex wp-container-core-buttons-is-layout-1 wp-block-buttons-is-layout-flex\">\n<div class=\"wp-block-button\"><a class=\"wp-block-button__link wp-element-button\" href=\"https:\/\/lavoliere-my.sharepoint.com\/:b:\/g\/personal\/cecile_lavoliere_onmicrosoft_com\/EcNITv2zALFNkpc_IA7k3bcB-79GRV_snEknYLkL9St0Ng?e=va1pyA\" target=\"_blank\" rel=\"noreferrer noopener\">Charte d&rsquo;accueil<\/a><\/div>\n\n\n\n<div class=\"wp-block-button\"><a class=\"wp-block-button__link wp-element-button\" href=\"https:\/\/www.billetweb.fr\/entrainpro2526\" target=\"_blank\" rel=\"noreferrer noopener\">Inscriptions<\/a><\/div>\n\n\n\n<div class=\"wp-block-button\"><a class=\"wp-block-button__link wp-element-button\" href=\"https:\/\/outlook.office365.com\/owa\/calendar\/cdd79bf92b5e42f0acc106a95b087e90@lavoliere.onmicrosoft.com\/17a65582cd084fd7a1dc552edf5e9b7b16196208646955169975\/calendar.html\" target=\"_blank\" rel=\"noreferrer noopener\">Agenda des Cr\u00e9neaux<\/a><\/div>\n<\/div>\n\n\n\n<div style=\"height:100px\" aria-hidden=\"true\" class=\"wp-block-spacer\"><\/div>\n\n\n\n<p><\/p>\n","protected":false},"excerpt":{"rendered":"<p>Indispensable et indissociable de l\u2019artiste de cirque, l\u2019entrainement quotidien est dans son ADN.La Voli\u00e8re met ses locaux \u00e0 disposition des professionnels des Arts du Cirque pour leurs entrainements. De nombreux points d\u2019accroches permettent d\u2019accueillir l\u2019entrainement d\u2019artistes a\u00e9riens, valeur ajout\u00e9e de la salle qui est con\u00e7ue pour la pratique des \u00ab verticaux \u00bb. En fonction des demandes le mat\u00e9riel de la salle est mis \u00e0 disposition des artistes (tapis de r\u00e9ception, trampoline, tissus, cercle, corde\u2026)L\u2019entrainement professionnel libre des artistes est soumis \u00e0 la charte d&rsquo;accueil consultable ci-dessous. L&rsquo;entrainement est ouvert aux professionnels sous r\u00e9serve d&rsquo;un justificatif attestant de la pratique professionnelle.<\/p>\n","protected":false},"author":1,"featured_media":5591,"parent":0,"menu_order":0,"comment_status":"closed","ping_status":"closed","template":"elementor_theme","meta":{"site-sidebar-layout":"default","site-content-layout":"default","ast-global-header-display":"","ast-main-header-display":"","ast-hfb-above-header-display":"","ast-hfb-below-header-display":"","ast-hfb-mobile-header-display":"","site-post-title":"","ast-breadcrumbs-content":"","ast-featured-img":"","footer-sml-layout":"","theme-transparent-header-meta":"","adv-header-id-meta":"","stick-header-meta":"","header-above-stick-meta":"","header-main-stick-meta":"","header-below-stick-meta":"","ngg_post_thumbnail":0,"footnotes":""},"class_list":["post-1524","page","type-page","status-publish","has-post-thumbnail","hentry"],"yoast_head":"<!-- This site is optimized with the Yoast SEO plugin v26.8 - https:\/\/yoast.com\/product\/yoast-seo-wordpress\/ -->\n<title>Entrainement professionnel - La Voli\u00e8re<\/title>\n<meta name=\"robots\" content=\"index, follow, max-snippet:-1, max-image-preview:large, max-video-preview:-1\" \/>\n<link rel=\"canonical\" href=\"https:\/\/lavolierecirque.com\/index.php\/entrainement-pro\/\" \/>\n<meta property=\"og:locale\" content=\"fr_FR\" \/>\n<meta property=\"og:type\" content=\"article\" \/>\n<meta property=\"og:title\" content=\"Entrainement professionnel - La Voli\u00e8re\" \/>\n<meta property=\"og:description\" content=\"Indispensable et indissociable de l\u2019artiste de cirque, l\u2019entrainement quotidien est dans son ADN.La Voli\u00e8re met ses locaux \u00e0 disposition des professionnels des Arts du Cirque pour leurs entrainements. De nombreux points d\u2019accroches permettent d\u2019accueillir l\u2019entrainement d\u2019artistes a\u00e9riens, valeur ajout\u00e9e de la salle qui est con\u00e7ue pour la pratique des \u00ab verticaux \u00bb. En fonction des demandes le mat\u00e9riel de la salle est mis \u00e0 disposition des artistes (tapis de r\u00e9ception, trampoline, tissus, cercle, corde\u2026)L\u2019entrainement professionnel libre des artistes est soumis \u00e0 la charte d&rsquo;accueil consultable ci-dessous. L&rsquo;entrainement est ouvert aux professionnels sous r\u00e9serve d&rsquo;un justificatif attestant de la pratique professionnelle.\" \/>\n<meta property=\"og:url\" content=\"https:\/\/lavolierecirque.com\/index.php\/entrainement-pro\/\" \/>\n<meta property=\"og:site_name\" content=\"La Voli\u00e8re\" \/>\n<meta property=\"article:modified_time\" content=\"2026-01-23T14:34:55+00:00\" \/>\n<meta property=\"og:image\" content=\"https:\/\/lavolierecirque.com\/wp-content\/uploads\/2026\/01\/format-page-SITE.png\" \/>\n\t<meta property=\"og:image:width\" content=\"1200\" \/>\n\t<meta property=\"og:image:height\" content=\"400\" \/>\n\t<meta property=\"og:image:type\" content=\"image\/png\" \/>\n<meta name=\"twitter:card\" content=\"summary_large_image\" \/>\n<meta name=\"twitter:label1\" content=\"Dur\u00e9e de lecture estim\u00e9e\" \/>\n\t<meta name=\"twitter:data1\" content=\"1 minute\" \/>\n<script type=\"application\/ld+json\" class=\"yoast-schema-graph\">{\"@context\":\"https:\/\/schema.org\",\"@graph\":[{\"@type\":\"WebPage\",\"@id\":\"https:\/\/lavolierecirque.com\/index.php\/entrainement-pro\/\",\"url\":\"https:\/\/lavolierecirque.com\/index.php\/entrainement-pro\/\",\"name\":\"Entrainement professionnel - La Voli\u00e8re\",\"isPartOf\":{\"@id\":\"https:\/\/lavolierecirque.com\/#website\"},\"primaryImageOfPage\":{\"@id\":\"https:\/\/lavolierecirque.com\/index.php\/entrainement-pro\/#primaryimage\"},\"image\":{\"@id\":\"https:\/\/lavolierecirque.com\/index.php\/entrainement-pro\/#primaryimage\"},\"thumbnailUrl\":\"https:\/\/lavolierecirque.com\/wp-content\/uploads\/2026\/01\/format-page-SITE.png\",\"datePublished\":\"2023-02-12T14:31:51+00:00\",\"dateModified\":\"2026-01-23T14:34:55+00:00\",\"breadcrumb\":{\"@id\":\"https:\/\/lavolierecirque.com\/index.php\/entrainement-pro\/#breadcrumb\"},\"inLanguage\":\"fr-FR\",\"potentialAction\":[{\"@type\":\"ReadAction\",\"target\":[\"https:\/\/lavolierecirque.com\/index.php\/entrainement-pro\/\"]}]},{\"@type\":\"ImageObject\",\"inLanguage\":\"fr-FR\",\"@id\":\"https:\/\/lavolierecirque.com\/index.php\/entrainement-pro\/#primaryimage\",\"url\":\"https:\/\/lavolierecirque.com\/wp-content\/uploads\/2026\/01\/format-page-SITE.png\",\"contentUrl\":\"https:\/\/lavolierecirque.com\/wp-content\/uploads\/2026\/01\/format-page-SITE.png\",\"width\":1200,\"height\":400},{\"@type\":\"BreadcrumbList\",\"@id\":\"https:\/\/lavolierecirque.com\/index.php\/entrainement-pro\/#breadcrumb\",\"itemListElement\":[{\"@type\":\"ListItem\",\"position\":1,\"name\":\"Accueil\",\"item\":\"https:\/\/lavolierecirque.com\/\"},{\"@type\":\"ListItem\",\"position\":2,\"name\":\"Entrainement professionnel\"}]},{\"@type\":\"WebSite\",\"@id\":\"https:\/\/lavolierecirque.com\/#website\",\"url\":\"https:\/\/lavolierecirque.com\/\",\"name\":\"La Voli\u00e8re\",\"description\":\"Lieu d\u00e9di\u00e9 au nouveau cirque &amp; \u00e0 la danse a\u00e9rienne\",\"potentialAction\":[{\"@type\":\"SearchAction\",\"target\":{\"@type\":\"EntryPoint\",\"urlTemplate\":\"https:\/\/lavolierecirque.com\/?s={search_term_string}\"},\"query-input\":{\"@type\":\"PropertyValueSpecification\",\"valueRequired\":true,\"valueName\":\"search_term_string\"}}],\"inLanguage\":\"fr-FR\"}]}<\/script>\n<!-- \/ Yoast SEO plugin. -->","yoast_head_json":{"title":"Entrainement professionnel - La Voli\u00e8re","robots":{"index":"index","follow":"follow","max-snippet":"max-snippet:-1","max-image-preview":"max-image-preview:large","max-video-preview":"max-video-preview:-1"},"canonical":"https:\/\/lavolierecirque.com\/index.php\/entrainement-pro\/","og_locale":"fr_FR","og_type":"article","og_title":"Entrainement professionnel - La Voli\u00e8re","og_description":"Indispensable et indissociable de l\u2019artiste de cirque, l\u2019entrainement quotidien est dans son ADN.La Voli\u00e8re met ses locaux \u00e0 disposition des professionnels des Arts du Cirque pour leurs entrainements. De nombreux points d\u2019accroches permettent d\u2019accueillir l\u2019entrainement d\u2019artistes a\u00e9riens, valeur ajout\u00e9e de la salle qui est con\u00e7ue pour la pratique des \u00ab verticaux \u00bb. En fonction des demandes le mat\u00e9riel de la salle est mis \u00e0 disposition des artistes (tapis de r\u00e9ception, trampoline, tissus, cercle, corde\u2026)L\u2019entrainement professionnel libre des artistes est soumis \u00e0 la charte d&rsquo;accueil consultable ci-dessous. L&rsquo;entrainement est ouvert aux professionnels sous r\u00e9serve d&rsquo;un justificatif attestant de la pratique professionnelle.","og_url":"https:\/\/lavolierecirque.com\/index.php\/entrainement-pro\/","og_site_name":"La Voli\u00e8re","article_modified_time":"2026-01-23T14:34:55+00:00","og_image":[{"width":1200,"height":400,"url":"https:\/\/lavolierecirque.com\/wp-content\/uploads\/2026\/01\/format-page-SITE.png","type":"image\/png"}],"twitter_card":"summary_large_image","twitter_misc":{"Dur\u00e9e de lecture estim\u00e9e":"1 minute"},"schema":{"@context":"https:\/\/schema.org","@graph":[{"@type":"WebPage","@id":"https:\/\/lavolierecirque.com\/index.php\/entrainement-pro\/","url":"https:\/\/lavolierecirque.com\/index.php\/entrainement-pro\/","name":"Entrainement professionnel - La Voli\u00e8re","isPartOf":{"@id":"https:\/\/lavolierecirque.com\/#website"},"primaryImageOfPage":{"@id":"https:\/\/lavolierecirque.com\/index.php\/entrainement-pro\/#primaryimage"},"image":{"@id":"https:\/\/lavolierecirque.com\/index.php\/entrainement-pro\/#primaryimage"},"thumbnailUrl":"https:\/\/lavolierecirque.com\/wp-content\/uploads\/2026\/01\/format-page-SITE.png","datePublished":"2023-02-12T14:31:51+00:00","dateModified":"2026-01-23T14:34:55+00:00","breadcrumb":{"@id":"https:\/\/lavolierecirque.com\/index.php\/entrainement-pro\/#breadcrumb"},"inLanguage":"fr-FR","potentialAction":[{"@type":"ReadAction","target":["https:\/\/lavolierecirque.com\/index.php\/entrainement-pro\/"]}]},{"@type":"ImageObject","inLanguage":"fr-FR","@id":"https:\/\/lavolierecirque.com\/index.php\/entrainement-pro\/#primaryimage","url":"https:\/\/lavolierecirque.com\/wp-content\/uploads\/2026\/01\/format-page-SITE.png","contentUrl":"https:\/\/lavolierecirque.com\/wp-content\/uploads\/2026\/01\/format-page-SITE.png","width":1200,"height":400},{"@type":"BreadcrumbList","@id":"https:\/\/lavolierecirque.com\/index.php\/entrainement-pro\/#breadcrumb","itemListElement":[{"@type":"ListItem","position":1,"name":"Accueil","item":"https:\/\/lavolierecirque.com\/"},{"@type":"ListItem","position":2,"name":"Entrainement professionnel"}]},{"@type":"WebSite","@id":"https:\/\/lavolierecirque.com\/#website","url":"https:\/\/lavolierecirque.com\/","name":"La Voli\u00e8re","description":"Lieu d\u00e9di\u00e9 au nouveau cirque &amp; \u00e0 la danse a\u00e9rienne","potentialAction":[{"@type":"SearchAction","target":{"@type":"EntryPoint","urlTemplate":"https:\/\/lavolierecirque.com\/?s={search_term_string}"},"query-input":{"@type":"PropertyValueSpecification","valueRequired":true,"valueName":"search_term_string"}}],"inLanguage":"fr-FR"}]}},"rttpg_featured_image_url":{"full":["https:\/\/lavolierecirque.com\/wp-content\/uploads\/2026\/01\/format-page-SITE.png",1200,400,false],"landscape":["https:\/\/lavolierecirque.com\/wp-content\/uploads\/2026\/01\/format-page-SITE.png",1200,400,false],"portraits":["https:\/\/lavolierecirque.com\/wp-content\/uploads\/2026\/01\/format-page-SITE.png",1200,400,false],"thumbnail":["https:\/\/lavolierecirque.com\/wp-content\/uploads\/2026\/01\/format-page-SITE-150x150.png",150,150,true],"medium":["https:\/\/lavolierecirque.com\/wp-content\/uploads\/2026\/01\/format-page-SITE-300x100.png",300,100,true],"large":["https:\/\/lavolierecirque.com\/wp-content\/uploads\/2026\/01\/format-page-SITE.png",1200,400,false],"1536x1536":["https:\/\/lavolierecirque.com\/wp-content\/uploads\/2026\/01\/format-page-SITE.png",1200,400,false],"2048x2048":["https:\/\/lavolierecirque.com\/wp-content\/uploads\/2026\/01\/format-page-SITE.png",1200,400,false]},"rttpg_author":{"display_name":"admin5999","author_link":"https:\/\/lavolierecirque.com\/index.php\/author\/admin5999\/"},"rttpg_comment":0,"rttpg_category":null,"rttpg_excerpt":"Indispensable et indissociable de l\u2019artiste de cirque, l\u2019entrainement quotidien est dans son ADN.La Voli\u00e8re met ses locaux \u00e0 disposition des professionnels des Arts du Cirque pour leurs entrainements. De nombreux points d\u2019accroches permettent d\u2019accueillir l\u2019entrainement d\u2019artistes a\u00e9riens, valeur ajout\u00e9e de la salle qui est con\u00e7ue pour la pratique des \u00ab verticaux \u00bb. En fonction des\u2026","_links":{"self":[{"href":"https:\/\/lavolierecirque.com\/index.php\/wp-json\/wp\/v2\/pages\/1524","targetHints":{"allow":["GET"]}}],"collection":[{"href":"https:\/\/lavolierecirque.com\/index.php\/wp-json\/wp\/v2\/pages"}],"about":[{"href":"https:\/\/lavolierecirque.com\/index.php\/wp-json\/wp\/v2\/types\/page"}],"author":[{"embeddable":true,"href":"https:\/\/lavolierecirque.com\/index.php\/wp-json\/wp\/v2\/users\/1"}],"replies":[{"embeddable":true,"href":"https:\/\/lavolierecirque.com\/index.php\/wp-json\/wp\/v2\/comments?post=1524"}],"version-history":[{"count":14,"href":"https:\/\/lavolierecirque.com\/index.php\/wp-json\/wp\/v2\/pages\/1524\/revisions"}],"predecessor-version":[{"id":5403,"href":"https:\/\/lavolierecirque.com\/index.php\/wp-json\/wp\/v2\/pages\/1524\/revisions\/5403"}],"wp:featuredmedia":[{"embeddable":true,"href":"https:\/\/lavolierecirque.com\/index.php\/wp-json\/wp\/v2\/media\/5591"}],"wp:attachment":[{"href":"https:\/\/lavolierecirque.com\/index.php\/wp-json\/wp\/v2\/media?parent=1524"}],"curies":[{"name":"wp","href":"https:\/\/api.w.org\/{rel}","templated":true}]}}